{"id":28078,"date":"2023-05-26T10:18:11","date_gmt":"2023-05-26T08:18:11","guid":{"rendered":"https:\/\/truschner.info\/?page_id=28078"},"modified":"2025-10-15T14:38:07","modified_gmt":"2025-10-15T12:38:07","slug":"agb","status":"publish","type":"page","link":"https:\/\/truschner.info\/en\/agb\/","title":{"rendered":"AGB"},"content":{"rendered":"<p>[et_pb_section fb_built=&#8221;1&#8243; custom_padding_last_edited=&#8221;off|desktop&#8221; admin_label=&#8221;Header&#8221; _builder_version=&#8221;4.16&#8243; use_background_color_gradient=&#8221;on&#8221; background_color_gradient_direction=&#8221;90deg&#8221; background_color_gradient_stops=&#8221;rgba(27,18,61,0.96) 40%|rgba(27,18,61,0.88) 40%&#8221; background_color_gradient_overlays_image=&#8221;on&#8221; background_color_gradient_start=&#8221;rgba(27,18,61,0.96)&#8221; background_color_gradient_start_position=&#8221;40%&#8221; background_color_gradient_end=&#8221;rgba(27,18,61,0.88)&#8221; background_color_gradient_end_position=&#8221;0%&#8221; background_image=&#8221;https:\/\/truschner.info\/wp-content\/uploads\/2020\/01\/DT_1C.jpg&#8221; custom_margin=&#8221;3vw||||false|false&#8221; custom_margin_tablet=&#8221;22vw||||false|false&#8221; custom_margin_phone=&#8221;40vw||||false|false&#8221; custom_margin_last_edited=&#8221;on|phone&#8221; custom_padding=&#8221;6vw||6vw||true|false&#8221; custom_padding_tablet=&#8221;||||false|false&#8221; custom_padding_phone=&#8221;||||false|false&#8221; da_disable_devices=&#8221;off|off|off&#8221; locked=&#8221;off&#8221; global_colors_info=&#8221;{}&#8221; da_is_popup=&#8221;off&#8221; da_exit_intent=&#8221;off&#8221; da_has_close=&#8221;on&#8221; da_alt_close=&#8221;off&#8221; da_dark_close=&#8221;off&#8221; da_not_modal=&#8221;on&#8221; da_is_singular=&#8221;off&#8221; da_with_loader=&#8221;off&#8221; da_has_shadow=&#8221;on&#8221;][et_pb_row column_structure=&#8221;1_2,1_2&#8243; _builder_version=&#8221;4.16&#8243; max_width=&#8221;1200px&#8221; custom_padding=&#8221;4%|4%|4%|4%|true|true&#8221; border_color_all=&#8221;#16252D&#8221; border_width_bottom=&#8221;8px&#8221; border_color_bottom=&#8221;#788594&#8243; border_width_left=&#8221;8px&#8221; border_color_left=&#8221;#788594&#8243; locked=&#8221;off&#8221; global_colors_info=&#8221;{}&#8221;][et_pb_column type=&#8221;1_2&#8243; _builder_version=&#8221;4.16&#8243; pac_dcm_carousel_specific_module_num=&#8221;0&#8243; global_colors_info=&#8221;{}&#8221;][et_pb_text _builder_version=&#8221;4.27.4&#8243; header_font=&#8221;Heebo|900||on|||||&#8221; header_font_size=&#8221;60px&#8221; header_letter_spacing=&#8221;2px&#8221; header_line_height=&#8221;1.2em&#8221; background_layout=&#8221;dark&#8221; header_font_size_tablet=&#8221;40px&#8221; header_font_size_phone=&#8221;24px&#8221; header_font_size_last_edited=&#8221;on|phone&#8221; locked=&#8221;off&#8221; global_colors_info=&#8221;{}&#8221;]<\/p>\n<h1>AGB<\/h1>\n<p>Allgemeine Gesch\u00e4ftsbedingungen<\/p>\n<p>f\u00fcr die Gesch\u00e4ftsfelder Webdesign, Moderne Umgangsformen, Tanzunterricht und Energetik<\/p>\n<p>Erstellt am: 01. M\u00e4rz 2018<br \/>\nletzte Aktualisierung: 01. November 2024<\/p>\n<p>&nbsp;[\/et_pb_text][\/et_pb_column][et_pb_column type=&#8221;1_2&#8243; _builder_version=&#8221;4.16&#8243; pac_dcm_carousel_specific_module_num=&#8221;0&#8243; global_colors_info=&#8221;{}&#8221;][\/et_pb_column][\/et_pb_row][\/et_pb_section][et_pb_section fb_built=&#8221;1&#8243; admin_label=&#8221;Contact Form&#8221; _builder_version=&#8221;4.16&#8243; custom_padding=&#8221;0px||0px||true|false&#8221; da_disable_devices=&#8221;off|off|off&#8221; global_colors_info=&#8221;{}&#8221; da_is_popup=&#8221;off&#8221; da_exit_intent=&#8221;off&#8221; da_has_close=&#8221;on&#8221; da_alt_close=&#8221;off&#8221; da_dark_close=&#8221;off&#8221; da_not_modal=&#8221;on&#8221; da_is_singular=&#8221;off&#8221; da_with_loader=&#8221;off&#8221; da_has_shadow=&#8221;on&#8221;][et_pb_row column_structure=&#8221;3_4,1_4&#8243; use_custom_gutter=&#8221;on&#8221; gutter_width=&#8221;2&#8243; make_equal=&#8221;on&#8221; custom_padding_last_edited=&#8221;off|desktop&#8221; _builder_version=&#8221;4.16&#8243; max_width=&#8221;1200px&#8221; custom_padding=&#8221;0px||||false|false&#8221; custom_padding_tablet=&#8221;|||30px|false|false&#8221; global_colors_info=&#8221;{}&#8221;][et_pb_column type=&#8221;3_4&#8243; _builder_version=&#8221;4.16&#8243; background_color=&#8221;#f4f4f5&#8243; custom_padding=&#8221;6%|6%|6%|6%|true|true&#8221; pac_dcm_carousel_specific_module_num=&#8221;0&#8243; global_colors_info=&#8221;{}&#8221;][et_pb_text _builder_version=&#8221;4.22.2&#8243; _module_preset=&#8221;default&#8221; global_colors_info=&#8221;{}&#8221;]<\/p>\n<h3><strong>1. Allgemeines<\/strong><\/h3>\n<p>Die nachfolgenden Allgemeinen Gesch\u00e4ftsbedingungen (AGB) sind Bestandteil aller Vertr\u00e4ge mit Dominik Truschner | Viechtlgasse 12 | 2340 M\u00f6dling (nachfolgend DT genannt).<br \/>Vereinbarungen, die von den hier aufgef\u00fchrten Punkten abweichen, bed\u00fcrfen der Schriftform.<br \/>Diese AGB werden bei Auftragserteilung vom Kunden akzeptiert.<\/p>\n<h3><strong>2. Zustandekommen von Vertr\u00e4gen<\/strong><\/h3>\n<p>Nach Angebotserstellung werden Vertr\u00e4ge durch die Auftragserteilung des Kunden wirksam. Als Auftragserteilung gilt auch:<\/p>\n<ul>\n<li>die Inanspruchnahme von Leistungen die nur in Verbindung mit dem Erstellen einer Homepage angeboten werden, wie das Reservieren und Anmelden von Domains. Domaincheck und Domainberatung sind gratis, und verpflichten zu nichts,<\/li>\n<li>die Vereinbarung eines Termins zur Abstimmung der geplanten Inhalte f\u00fcr Moderne Umgangsformen,<\/li>\n<li>die m\u00fcndliche Zusage des Kunden mit E-Mail-Best\u00e4tigung durch Dominik Truschner.<\/li>\n<\/ul>\n<h3><strong>3. Inhalte von Webseiten<\/strong><\/h3>\n<p>Der Auftraggeber allein ist f\u00fcr die Inhalte seiner Webseiten verantwortlich und versichert, dass durch seinen gesamten Internetauftritt weder Rechte Dritter (Marken-, Namen-, Urheber-, Datenschutzrechte etc.) verletzt werden noch gegen bestehende Gesetze sowie allgemein g\u00fcltige Rechtsnormen versto\u00dfen wird. Desweiteren verpflichtet sich der Kunde keine sittenwidrigen Inhalte auf seinen Webseiten zu publizieren oder darauf hinzuweisen, vor allem keine Inhalte zu ver\u00f6ffentlichen, die i.S.d. 131 StGB zum Rassenhass aufhetzen, Gewalt bzw. Krieg verherrlichen bzw. verharmlosen, anst\u00f6\u00dfig, i.S.d. 184 StGB pornographisch sind sowie Kinder oder Jugendliche sittlich gef\u00e4hrden oder in ihrem Wohl beeintr\u00e4chtigen. Das Verbreiten von Massen-E-Mails, sogenanntes Spaming, ist untersagt. (Ausnahme: Newsletter mit Zustimmung der Adressaten)<\/p>\n<h3><strong>4. Ablaufplan der Gestaltung von Webseiten<\/strong><\/h3>\n<ul>\n<li><strong>Phase 1:<\/strong> Gemeinsame Konzepterstellung, Homepage mit Startseite, Unterseiten, Impressum<\/li>\n<li><strong>Phase 2: <\/strong>Layoutgestaltung<\/li>\n<li><strong>Phase 3:<\/strong> Einbindung der bereitgestellten Texte, Implementierung der bereitgestellten Bilder, Firmenlogo (bereitgestellt), 1 Kontaktformular<\/li>\n<li><strong>Phase 4:<\/strong> technische Umsetzung mit der Webhosting-Agentur<\/li>\n<li><strong>ev. Phase 5:<\/strong> Einschulung<\/li>\n<\/ul>\n<h3><strong>5. Datenschutz<\/strong><\/h3>\n<p>DT informiert den Kunden hiermit, dass seine pers\u00f6nlichen Daten zur Vertragsabwicklung gespeichert werden. Zur Vertragsdurchf\u00fchrung, insbesondere zur Registrierung von Domain-Namen, \u00fcbermittelt DT notwendige Kundendaten an beteiligte Dritte. Zur Identifizierung des Domain-Inhabers werden diese Kundendaten \u00f6ffentlich in sogenannten Whois-Datenbanken registriert. Eine sonstige Verwendung von Kundendaten erfolgt nicht, Kundendaten werden nicht verkauft oder an unberechtigte Dritte weitergegeben.<\/p>\n<h3><strong>6. Datensicherheit<\/strong><\/h3>\n<p>Der Kunde selbst sorgt f\u00fcr die Sicherung von Daten und Materialien, die DT zur Erstellung von Webseiten bzw. f\u00fcr Seminare Moderne Umgangsformen \u00fcberlassen werden. DT ist nicht verpflichtet, hiervon Sicherungskopien zu erstellen. DT weist den Kunden darauf hin, dass im Internet generell die M\u00f6glichkeit besteht, illegal sensible Daten abzufangen. Dem Kunden wird daher empfohlen nur mit gr\u00f6\u00dfter Vorsicht Daten im Internet zu \u00fcbertragen und seine Computer nicht ungesichert mit dem Internet zu verbinden.<\/p>\n<h3><strong>7. Preise und Zahlungsbedingungen<\/strong><\/h3>\n<p>Alle Angebote von DT sind freibleibend und unverbindlich.<\/p>\n<p>Preiserh\u00f6hungen nach Auftragsbest\u00e4tigung sind ausgeschlossen.<\/p>\n<p><strong>7.1. Anzahlung<\/strong><\/p>\n<p>Bei Auftragserteilung ist eine Anzahlung von zumindest 20% des Anbots\/vereinbarten Kursbetrages f\u00e4llig, der Restbetrag nach Rechnungserhalt ohne Abzug. Bei Betr\u00e4gen \u00fcber \u20ac 10.000,&#8211; kann eine Ratenzahlung vereinbart werden.<\/p>\n<p><strong>7.2. Drittanbieter<\/strong><\/p>\n<p>Die Kosten eventueller Drittanbieter (z.B. kostenpflichtige Plugins, Seminarorte, Location, etc\u2026) k\u00f6nnen zus\u00e4tzlich anfallen.<\/p>\n<p><strong data-start=\"98\" data-end=\"130\">7.2.1. Verwendung des Themes \u201eDivi\u201c, Plugins von &#8220;DIVI Plugins&#8221; und von &#8220;Pee-Aye Creative (Nelson Miller)&#8221;<\/strong><\/p>\n<p>F\u00fcr die Erstellung von Webseiten nutzt DT das Theme \u201eDivi\u201c der Firma Elegant Themes (elegantthemes.com).<\/p>\n<p>Der Kunde ist berechtigt, das Theme f\u00fcr die erstellte Webseite w\u00e4hrend der Laufzeit eines Wartungsvertrages sowie nach Abschluss des Projekts dauerhaft und ohne zus\u00e4tzliche Kosten zu nutzen.<\/p>\n<p>Im Falle einer K\u00fcndigung des Wartungsvertrages durch den Kunden bleibt das Nutzungsrecht bestehen; jedoch entfallen zuk\u00fcnftige Updates und Aktualisierungen des Themes auf neuere Versionen.<\/p>\n<p>Diese Bestimmung ist analog auf die Verwendung von Plugins von &#8220;Divi Plugins&#8221; als auch von &#8220;Pee-Aye Creative (Nelson Miller)&#8221; anzuwenden.<\/p>\n<p><strong>7.3. Zahlungsverzug<\/strong><\/p>\n<p>Alle Leistungen bleiben bis zur vollst\u00e4ndigen Bezahlung Eigentum von DT, bei Zahlungsverzug gelten 14 % Verzugszinsen p. a. als vereinbart. DT ist berechtigt nach erfolgloser 3. Mahnung die betroffenen, Seiten offline zu schalten. Zahlungen haben unmittelbar nach Rechnungserhalt zu erfolgen.<\/p>\n<p>F\u00fcr notwendige Zahlungserinnerungen bzw. Mahnungen werden von DT jeweils \u20ac 10,&#8211; verrechnet. DT ist zudem berechtigt, offene Forderungen an den KSV zu \u00fcbergeben.<\/p>\n<p><strong>7.4. Honorare f\u00fcr Tanzunterricht<\/strong><\/p>\n<p>Honorare f\u00fcr Tanzunterricht (z.B. Stundenbl\u00f6cke) sind vor Inanspruchnahme f\u00e4llig und werden nicht zur\u00fcckerstattet.<\/p>\n<h3><strong>8. Laufzeit und K\u00fcndigung<\/strong><\/h3>\n<p>K\u00fcndigungen bed\u00fcrfen der Schriftform (z.B. eingeschriebener Brief bzw. E-Mail mit daraufhin von DT erfolgter Best\u00e4tigung). Wartungsvertr\u00e4ge werden auf unbestimmte Zeit abgeschlossen und &#8211; sofern nicht gek\u00fcndigt &#8211; automatisch verl\u00e4ngert. Der Kunde kann das Vertragsverh\u00e4ltnis f\u00fcr das laufende Jahr jederzeit bis einen Monat vor Ablauf ohne Angaben von Gr\u00fcnden schriftlich k\u00fcndigen.<\/p>\n<h3><strong>9. \u00c4nderungen \/ Storno<\/strong><\/h3>\n<p><strong>9.1. Webseiten<\/strong><\/p>\n<p>Kosten f\u00fcr erhebliche \u00c4nderungen urspr\u00fcnglich vereinbarter Ausf\u00fchrungen der Webseite hat der Auftraggeber zu zahlen:<\/p>\n<p>Ist eine Phase (siehe 4.) abgeschlossen und bereits die n\u00e4chste Phase im Laufen, wird bei \u00c4nderungen von Inhalten der davor abgeschlossenen Phase ein <strong>Aufschlag von 25%<\/strong>\u00a0verrechnet (z.B. Phase 2 soll bei bereits laufender Phase 3 abge\u00e4ndert werden.). Sollte bereits die \u00fcbern\u00e4chste Phase im Laufen sein, wird ein\u00a0<strong>Aufschlag von 50%<\/strong>\u00a0verrechnet (z.B. Phase 1 soll bei schon laufender Phase 3 abge\u00e4ndert werden.).<\/p>\n<p>Sollte ein Abstand von bereits drei abgeschlossenen Phasen bei gew\u00fcnschten \u00c4nderungen eintreten (z.B. Phase 1 soll bei schon laufender Phase 4 abge\u00e4ndert werden.) wird ein\u00a0<strong>Aufschlag von 100%<\/strong>\u00a0verrechnet.<\/p>\n<p>Bei Stornierung des Webseiten-Auftrags im Programmierungsstadium (bis ca. 30 Tage nach Auftragserteilung) wird der Betrag je nach Fortschritt berechnet, als Minimum wird jedoch <strong>zumindest 20% des Gesamtauftrags<\/strong> in Rechnung gestellt. Im Stadium des Bestehens bereits aller Seiten ist ein Storno nicht mehr m\u00f6glich.<\/p>\n<p><strong>9.2. Bei Corporate Design Auftr\u00e4gen gilt<\/strong><\/p>\n<p>Storno<\/p>\n<ul>\n<li><strong>bis 30 Tage<\/strong> nach Auftragserteilung: 20% des Gesamtauftrags<\/li>\n<li><strong>bis 45 Tage<\/strong> nach Auftragserteilung: 30% des Gesamtauftrags<\/li>\n<li><strong>bis 60 Tage<\/strong> nach Auftragserteilung: 50% des Gesamtauftrags<\/li>\n<li><strong>ab 61 Tage<\/strong> nach Auftragserteilung: 100%<\/li>\n<\/ul>\n<p><strong>9.3. Moderne Umgangsformen<\/strong><\/p>\n<p><strong>Storno von Seminaren|Workshops<\/strong><\/p>\n<ul>\n<li><strong>bis 20 Tage<\/strong> vor Termin: 20% des Kurshonorars (die Anzahlung)<\/li>\n<li><strong>19 bis 8 Tage<\/strong> vor Termin: 50% des Kurshonorars<\/li>\n<li><strong>ab 7 Tagen<\/strong> vor Termin: 100%<\/li>\n<\/ul>\n<p>Verbindliche Terminverschiebungen sind kostenlos. Eventuell k\u00f6nnen Kosten beim Seminarort (Drittanbieter) anfallen.<\/p>\n<p><strong>Storno von Einzelstunden<\/strong><\/p>\n<p>Ein Storno von einzelnen Unterrichtseinheiten ist grunds\u00e4tzlich bis einen Tag (=24 Stunden) vor Termin m\u00f6glich, andernfalls gilt die Stunde als fix vereinbart. Wird kein Ersatztermin vereinbart, sind im Falle eines Stornos (innerhalb von 24 Stunden vor Termin) 20% vom vereinbarten Kurshonorar zu entrichten.<\/p>\n<p>Unentschuldigtes Fernbleiben verpflichtet zur Bezahlung des gesamten Kurshonorars.<\/p>\n<p>Bezahlte Stundenbl\u00f6cke sind auf unbestimmte Zeit g\u00fcltig. Nicht in Anspruch genommene Stunden werden nicht zur\u00fcckerstattet.<\/p>\n<p><strong>9.4. Tanzunterricht<\/strong><\/p>\n<p><strong>Storno von Einzelstunden<\/strong><\/p>\n<p>Ein Storno von einzelnen Unterrichtseinheiten ist grunds\u00e4tzlich bis einen Tag (=24 Stunden) vor Termin m\u00f6glich, andernfalls gilt die Stunde als fix vereinbart. Wird kein Ersatztermin vereinbart, sind im Falle eines Stornos (innerhalb von 24 Stunden vor Termin) 20% vom vereinbarten Kurshonorar zu entrichten.<\/p>\n<p>Unentschuldigtes Fernbleiben verpflichtet zur Bezahlung des gesamten Kurshonorars.<\/p>\n<p>Bezahlte Stundenbl\u00f6cke sind auf unbestimmte Zeit g\u00fcltig. Nicht in Anspruch genommene Stunden werden nicht zur\u00fcckerstattet.<\/p>\n<p><strong>Storno von Gruppenstunden<\/strong><\/p>\n<p>Bei Gruppenstunden sind im Falle eines Stornos <strong>bis 5 Tage vor Termin 20%<\/strong> vom vereinbarten Kurshonorar zu entrichten. Erfolgt das <strong>Storno innerhalb von 24 Stunden vor Termin ist der gesamte Betrag (100%) f\u00e4llig<\/strong>.<\/p>\n<p><strong>9.5. Sonstiges<\/strong><\/p>\n<p>pdf-Druckvorlagen gelten als abgenommen, wenn Sie vom Kunden best\u00e4tigt wurden und der Druckerei \u00fcbersandt wurden.<br \/>Weicht die Entwurfsvorlage bzw. Leistung von der urspr\u00fcnglichen Bestellung ab, so gilt diese als vom Auftraggeber genehmigt, sobald die Zustimmung zum Druck gegeben wurde.<\/p>\n<h3><strong>10. Haftung<\/strong><\/h3>\n<p>DT haftet nicht f\u00fcr Sch\u00e4den aus Unm\u00f6glichkeit der Leistung, aus positiver Vertragsverletzung, aus Verschulden bei Vertragsschluss sowie aus unerlaubter Handlung. DT \u00fcbernimmt ferner keine Haftung f\u00fcr Leistungen oder Verf\u00fcgbarkeiten, bei denen sich DT Drittanbietern bedient. Dies gilt insbesondere f\u00fcr die Verf\u00fcgbarkeit und fehlerfreie Funktion von Servern, E-Mail- sowie Form2Mail-Diensten bzw. Seminarorten.<\/p>\n<p><strong>10.1. Tanzunterricht<\/strong><\/p>\n<p>Die Teilnahme am Tanzunterricht und Betreten der Kursr\u00e4ume erfolgen auf eigenes Risiko.<\/p>\n<p>Schadenersatzanspr\u00fcche gegen\u00fcber DT sind nur dann geltend zu machen, wenn sie auf vors\u00e4tzliches oder grob fahrl\u00e4ssiges Verhalten des|der Tanzlehrpersonals zur\u00fcckzuf\u00fchren sind. DT \u00fcbernimmt keine Haftung f\u00fcr Personen- oder Sachsch\u00e4den, die nicht durch DT oder KollegInnen verursacht wurden.<\/p>\n<p>Um Verletzungen zu vermeiden, ist das Betreten der Unterrichtss\u00e4le mit ungeeignetem Schuhwerk, wie Schuhen mit (groben) Gummisohlen, Metallabs\u00e4tzen oder Schuhen ohne ausreichenden Halt wie Espandrilles oder Flipflops, untersagt, es sei denn, dies ist ausdr\u00fccklich in Spezialkursen gestattet oder angeordnet.<\/p>\n<p>Der Kunde haftet f\u00fcr alle von ihm verursachten Sch\u00e4den an Einrichtungen oder R\u00e4umlichkeiten.<\/p>\n<p>F\u00fcr Garderobe und pers\u00f6nliche Gegenst\u00e4nde wird keine Haftung \u00fcbernommen. Wir empfehlen dringend, Wertgegenst\u00e4nde niemals unbeaufsichtigt zu lassen.<\/p>\n<p>Im Falle grob unangemessenen Verhaltens, wie Trunkenheit, t\u00e4tlichen Angriffen, Beleidigungen usw., der St\u00f6rung des Kursbetriebs oder offensichtlicher Gef\u00e4hrdung der Sicherheit (aufgrund des physischen oder psychischen Zustands eines Teilnehmers) beh\u00e4lt sich der verantwortliche Tanzlehrer das Recht vor, den betreffenden Teilnehmer ohne Anspruch auf volle oder teilweise R\u00fcckerstattung des bereits bezahlten Kursentgelts vom weiteren Unterricht auszuschlie\u00dfen. Bei Ausschluss eines Teilnehmers aus einem Paarkurs hat der verbleibende Teilnehmer keinen Anspruch auf R\u00fcckerstattung der nicht konsumierten Kursstunden und kein Recht auf Benennung eines Ersatzpartners oder einer Ersatzpartnerin.<\/p>\n<h3><strong>11. Angebot Energetik<\/strong><\/h3>\n<p>Auf alle Angebote aus dem Bereich Energetik sind die Bestimmungen zu Tanzunterricht analog anzuwenden.<\/p>\n<h3><strong>12. Schlussbestimmungen<\/strong><\/h3>\n<p>DT beh\u00e4lt sich vor, auf der Homepage des erstellten Internetauftritts einen auf das Internetangebot von Dominik Truschner verweisenden Link einzuf\u00fcgen, der entweder aus einer Grafik und\/oder einem kurzen Text-Link bestehen kann, wobei das Erscheinungsbild der Homepage nicht beeintr\u00e4chtigt wird. Es gilt \u00f6sterreichisches Recht.<br \/>\u00c4nderungen bzw. Erg\u00e4nzungen dieser AGB sind jederzeit m\u00f6glich, wobei der Kunde jedoch im Vorfeld informiert wird.Sollten einzelne Bestimmungen dieser AGB oder Teile davon unwirksam sein oder werden, so bleibt die Wirksamkeit des Vertrages im \u00dcbrigen unber\u00fchrt.Erf\u00fcllungsort ist M\u00f6dling, Gerichtsstandort ist f\u00fcr beide Partner M\u00f6dling.<\/p>\n<p>[\/et_pb_text][\/et_pb_column][et_pb_column type=&#8221;1_4&#8243; _builder_version=&#8221;4.16&#8243; background_color=&#8221;#f77e53&#8243; pac_dcm_carousel_specific_module_num=&#8221;0&#8243; global_colors_info=&#8221;{}&#8221;][\/et_pb_column][\/et_pb_row][\/et_pb_section]<\/p>\n","protected":false},"excerpt":{"rendered":"<p>AGB Allgemeine Gesch\u00e4ftsbedingungen f\u00fcr die Gesch\u00e4ftsfelder Webdesign, Moderne Umgangsformen, Tanzunterricht und Energetik Erstellt am: 01. M\u00e4rz 2018 letzte Aktualisierung: 01. November 2024 &nbsp;1. Allgemeines Die nachfolgenden Allgemeinen Gesch\u00e4ftsbedingungen (AGB) sind Bestandteil aller Vertr\u00e4ge mit Dominik Truschner | Viechtlgasse 12 | 2340 M\u00f6dling (nachfolgend DT genannt).Vereinbarungen, die von den hier aufgef\u00fchrten Punkten abweichen, bed\u00fcrfen der Schriftform.Diese [&hellip;]<\/p>\n","protected":false},"author":1,"featured_media":0,"parent":0,"menu_order":0,"comment_status":"closed","ping_status":"closed","template":"","meta":{"_et_pb_use_builder":"on","_et_pb_old_content":"","_et_gb_content_width":"","footnotes":""},"class_list":["post-28078","page","type-page","status-publish","hentry"],"yoast_head":"<!-- This site is optimized with the Yoast SEO plugin v27.3 - https:\/\/yoast.com\/product\/yoast-seo-wordpress\/ -->\n<title>AGB - Dominik Truschner<\/title>\n<meta name=\"robots\" content=\"index, follow, max-snippet:-1, max-image-preview:large, max-video-preview:-1\" \/>\n<link rel=\"canonical\" href=\"https:\/\/truschner.info\/en\/agb\/\" \/>\n<meta property=\"og:locale\" content=\"en_GB\" \/>\n<meta property=\"og:type\" content=\"article\" \/>\n<meta property=\"og:title\" content=\"AGB - Dominik Truschner\" \/>\n<meta property=\"og:description\" content=\"Your content goes here. Edit or remove this text inline or in the module Content settings. You can also style every aspect of this content in the module Design settings and even apply custom CSS to this text in the module Advanced settings.Ready To Start A Custom Order?1233.456.7890123 Street Name Some Town, ST 12345Email Us\" \/>\n<meta property=\"og:url\" content=\"https:\/\/truschner.info\/en\/agb\/\" \/>\n<meta property=\"og:site_name\" content=\"Dominik Truschner\" \/>\n<meta property=\"article:modified_time\" content=\"2025-10-15T12:38:07+00:00\" \/>\n<meta name=\"twitter:card\" content=\"summary_large_image\" \/>\n<meta name=\"twitter:label1\" content=\"Estimated reading time\" \/>\n\t<meta name=\"twitter:data1\" content=\"10 minutes\" \/>\n<script type=\"application\/ld+json\" class=\"yoast-schema-graph\">{\"@context\":\"https:\\\/\\\/schema.org\",\"@graph\":[{\"@type\":\"WebPage\",\"@id\":\"https:\\\/\\\/truschner.info\\\/agb\\\/\",\"url\":\"https:\\\/\\\/truschner.info\\\/agb\\\/\",\"name\":\"AGB - Dominik Truschner\",\"isPartOf\":{\"@id\":\"https:\\\/\\\/truschner.info\\\/#website\"},\"datePublished\":\"2023-05-26T08:18:11+00:00\",\"dateModified\":\"2025-10-15T12:38:07+00:00\",\"breadcrumb\":{\"@id\":\"https:\\\/\\\/truschner.info\\\/agb\\\/#breadcrumb\"},\"inLanguage\":\"en-GB\",\"potentialAction\":[{\"@type\":\"ReadAction\",\"target\":[\"https:\\\/\\\/truschner.info\\\/agb\\\/\"]}]},{\"@type\":\"BreadcrumbList\",\"@id\":\"https:\\\/\\\/truschner.info\\\/agb\\\/#breadcrumb\",\"itemListElement\":[{\"@type\":\"ListItem\",\"position\":1,\"name\":\"Startseite\",\"item\":\"https:\\\/\\\/truschner.info\\\/\"},{\"@type\":\"ListItem\",\"position\":2,\"name\":\"AGB\"}]},{\"@type\":\"WebSite\",\"@id\":\"https:\\\/\\\/truschner.info\\\/#website\",\"url\":\"https:\\\/\\\/truschner.info\\\/\",\"name\":\"Dominik Truschner\",\"description\":\"WEBDESIGN. ETIKETTE. TANZEN. WERBUNG.\",\"publisher\":{\"@id\":\"https:\\\/\\\/truschner.info\\\/#\\\/schema\\\/person\\\/e3071608a7817a0ddcfa019ae8057056\"},\"potentialAction\":[{\"@type\":\"SearchAction\",\"target\":{\"@type\":\"EntryPoint\",\"urlTemplate\":\"https:\\\/\\\/truschner.info\\\/?s={search_term_string}\"},\"query-input\":{\"@type\":\"PropertyValueSpecification\",\"valueRequired\":true,\"valueName\":\"search_term_string\"}}],\"inLanguage\":\"en-GB\"},{\"@type\":[\"Person\",\"Organization\"],\"@id\":\"https:\\\/\\\/truschner.info\\\/#\\\/schema\\\/person\\\/e3071608a7817a0ddcfa019ae8057056\",\"name\":\"Dominik Truschner\",\"image\":{\"@type\":\"ImageObject\",\"inLanguage\":\"en-GB\",\"@id\":\"https:\\\/\\\/truschner.info\\\/wp-content\\\/uploads\\\/2021\\\/04\\\/Logo-Webseite_DT.png\",\"url\":\"https:\\\/\\\/truschner.info\\\/wp-content\\\/uploads\\\/2021\\\/04\\\/Logo-Webseite_DT.png\",\"contentUrl\":\"https:\\\/\\\/truschner.info\\\/wp-content\\\/uploads\\\/2021\\\/04\\\/Logo-Webseite_DT.png\",\"width\":3508,\"height\":577,\"caption\":\"Dominik Truschner\"},\"logo\":{\"@id\":\"https:\\\/\\\/truschner.info\\\/wp-content\\\/uploads\\\/2021\\\/04\\\/Logo-Webseite_DT.png\"}}]}<\/script>\n<!-- \/ Yoast SEO plugin. -->","yoast_head_json":{"title":"AGB - Dominik Truschner","robots":{"index":"index","follow":"follow","max-snippet":"max-snippet:-1","max-image-preview":"max-image-preview:large","max-video-preview":"max-video-preview:-1"},"canonical":"https:\/\/truschner.info\/en\/agb\/","og_locale":"en_GB","og_type":"article","og_title":"AGB - Dominik Truschner","og_description":"Your content goes here. Edit or remove this text inline or in the module Content settings. You can also style every aspect of this content in the module Design settings and even apply custom CSS to this text in the module Advanced settings.Ready To Start A Custom Order?1233.456.7890123 Street Name Some Town, ST 12345Email Us","og_url":"https:\/\/truschner.info\/en\/agb\/","og_site_name":"Dominik Truschner","article_modified_time":"2025-10-15T12:38:07+00:00","twitter_card":"summary_large_image","twitter_misc":{"Estimated reading time":"10 minutes"},"schema":{"@context":"https:\/\/schema.org","@graph":[{"@type":"WebPage","@id":"https:\/\/truschner.info\/agb\/","url":"https:\/\/truschner.info\/agb\/","name":"AGB - Dominik Truschner","isPartOf":{"@id":"https:\/\/truschner.info\/#website"},"datePublished":"2023-05-26T08:18:11+00:00","dateModified":"2025-10-15T12:38:07+00:00","breadcrumb":{"@id":"https:\/\/truschner.info\/agb\/#breadcrumb"},"inLanguage":"en-GB","potentialAction":[{"@type":"ReadAction","target":["https:\/\/truschner.info\/agb\/"]}]},{"@type":"BreadcrumbList","@id":"https:\/\/truschner.info\/agb\/#breadcrumb","itemListElement":[{"@type":"ListItem","position":1,"name":"Startseite","item":"https:\/\/truschner.info\/"},{"@type":"ListItem","position":2,"name":"AGB"}]},{"@type":"WebSite","@id":"https:\/\/truschner.info\/#website","url":"https:\/\/truschner.info\/","name":"Dominik Truschner","description":"WEBDESIGN. ETIKETTE. TANZEN. WERBUNG.","publisher":{"@id":"https:\/\/truschner.info\/#\/schema\/person\/e3071608a7817a0ddcfa019ae8057056"},"potentialAction":[{"@type":"SearchAction","target":{"@type":"EntryPoint","urlTemplate":"https:\/\/truschner.info\/?s={search_term_string}"},"query-input":{"@type":"PropertyValueSpecification","valueRequired":true,"valueName":"search_term_string"}}],"inLanguage":"en-GB"},{"@type":["Person","Organization"],"@id":"https:\/\/truschner.info\/#\/schema\/person\/e3071608a7817a0ddcfa019ae8057056","name":"Dominik Truschner","image":{"@type":"ImageObject","inLanguage":"en-GB","@id":"https:\/\/truschner.info\/wp-content\/uploads\/2021\/04\/Logo-Webseite_DT.png","url":"https:\/\/truschner.info\/wp-content\/uploads\/2021\/04\/Logo-Webseite_DT.png","contentUrl":"https:\/\/truschner.info\/wp-content\/uploads\/2021\/04\/Logo-Webseite_DT.png","width":3508,"height":577,"caption":"Dominik Truschner"},"logo":{"@id":"https:\/\/truschner.info\/wp-content\/uploads\/2021\/04\/Logo-Webseite_DT.png"}}]}},"_links":{"self":[{"href":"https:\/\/truschner.info\/en\/wp-json\/wp\/v2\/pages\/28078","targetHints":{"allow":["GET"]}}],"collection":[{"href":"https:\/\/truschner.info\/en\/wp-json\/wp\/v2\/pages"}],"about":[{"href":"https:\/\/truschner.info\/en\/wp-json\/wp\/v2\/types\/page"}],"author":[{"embeddable":true,"href":"https:\/\/truschner.info\/en\/wp-json\/wp\/v2\/users\/1"}],"replies":[{"embeddable":true,"href":"https:\/\/truschner.info\/en\/wp-json\/wp\/v2\/comments?post=28078"}],"version-history":[{"count":4,"href":"https:\/\/truschner.info\/en\/wp-json\/wp\/v2\/pages\/28078\/revisions"}],"predecessor-version":[{"id":244811,"href":"https:\/\/truschner.info\/en\/wp-json\/wp\/v2\/pages\/28078\/revisions\/244811"}],"wp:attachment":[{"href":"https:\/\/truschner.info\/en\/wp-json\/wp\/v2\/media?parent=28078"}],"curies":[{"name":"wp","href":"https:\/\/api.w.org\/{rel}","templated":true}]}}